{"id":6,"date":"2018-03-26T03:54:35","date_gmt":"2018-03-25T20:54:35","guid":{"rendered":"http:\/\/camille.la-studioweb.com\/?page_id=6"},"modified":"2022-10-14T17:11:28","modified_gmt":"2022-10-14T17:11:28","slug":"home-01","status":"publish","type":"page","link":"http:\/\/omnivetkielce.pl\/","title":{"rendered":"Home 01"},"content":{"rendered":"<p>[vc_row][vc_column][rev_slider_vc alias=&#8221;home-01&#8243;][vc_custom_heading text=&#8221;CAMILLE &#8211; Multi-Concept WordPress Theme&#8221; font_container=&#8221;tag:h1|text_align:left&#8221; use_theme_fonts=&#8221;yes&#8221; link=&#8221;url:https%3A%2F%2Fthemeforest.net%2Fitem%2Fcamille-multiconcept-wordpress-theme%2F21847145%3Fref%3Dla-studio|||&#8221; el_class=&#8221;hidden&#8221;][\/vc_column][\/vc_row][vc_row full_width=&#8221;stretch_row_content_no_spaces&#8221; css=&#8221;.vc_custom_1655152918192{margin-bottom: 0px !important;padding-bottom: 0px !important;background-color: #1a75bc !important;}&#8221; el_id=&#8221;onas&#8221;][vc_column parallax=&#8221;content-moving-fade&#8221; parallax_image=&#8221;3200&#8243; width=&#8221;1\/2&#8243; la_animation_duration=&#8221;1&#8243; la_animation_delay=&#8221;0&#8243; la_animation_iteration_count=&#8221;1&#8243; css=&#8221;.vc_custom_1654722099452{padding-bottom: 600px !important;}&#8221;][\/vc_column][vc_column la_animation_name=&#8221;fadeInUp&#8221; la_animation_duration=&#8221;1&#8243; la_animation_delay=&#8221;0&#8243; la_animation_iteration_count=&#8221;1&#8243; offset=&#8221;vc_col-md-6&#8243; css=&#8221;.vc_custom_1654720655523{padding-left: 20px !important;}&#8221;]<div id=\"la_divider69e811ef14b47\" class=\"js-el la-divider la-unit-responsive\" data-la_component=\"UnitResponsive\"  data-el_target='#la_divider69e811ef14b47'  data-el_media_sizes='{&quot;padding-top&quot;:&quot;lg:30px;&quot;}' ><\/div>\n<div id=\"la_heading_69e811ef15262\" class=\"la-headings text-left\"><h2 class=\"js-el heading-tag la-unit-responsive\" style=\"color:#ffffff\" >O Nas<\/h2><div class=\"js-el subheading-tag la-unit-responsive element-max-width-500\" style=\"color:#ffffff\" ><p style=\"text-align: justify;\">Pomys\u0142 za\u0142o\u017cenia wsp\u00f3lnej lecznicy kie\u0142kowa\u0142 w naszych g\u0142owach od dawna. Przychodnia weterynaryjna OmniVet oferuje Pa\u0144stwa podopiecznym us\u0142ugi kompleksowej diagnostyki i leczenia z wykorzystaniem nowoczesnego zaplecza szpitalnego. Przez lata zdobywa\u0142y\u015bmy do\u015bwiadczenie zawodowe, by m\u00f3c zaoferowa\u0107 Pa\u0144stwa podopiecznym jak najwy\u017cszy poziom us\u0142ug.<br \/>\nJeste\u015bmy nastawieni na kompleksow\u0105 diagnostyk\u0119 i leczenie ps\u00f3w, kot\u00f3w, ma\u0142ych ssak\u00f3w oraz gryzoni. Dysponujemy zapleczem szpitalnym i zabiegowym (sala operacyjna brudna i czysta) oraz wysokiej jako\u015bci sprz\u0119tem do diagnostyki. Wsp\u00f3\u0142pracujemy ze specjalistami z r\u00f3\u017cnych dziedzin medycyny weterynaryjnej.<\/p>\n<h3 style=\"text-align: justify;\">Serdecznie zapraszamy.<\/h3>\n<p>&nbsp;<\/p>\n<h5>Lek. wet. Micha\u0142 Zdyb<\/h5>\n<p>&nbsp;<\/p>\n<h5>lek. wet. Hubert G\u00f3rnicki<\/h5>\n<p>&nbsp;<\/p>\n<h5>lek.wet. Katarzyna Paluch-Zdyb<\/h5>\n<\/div><\/div>\n<div id=\"la_divider69e811ef15421\" class=\"js-el la-divider la-unit-responsive\" data-la_component=\"UnitResponsive\"  data-el_target='#la_divider69e811ef15421'  data-el_media_sizes='{&quot;padding-top&quot;:&quot;lg:25px;&quot;}' ><\/div>\n[\/vc_column][\/vc_row][vc_row el_id=&#8221;zespol&#8221;][vc_column]<div id=\"la_divider69e811ef15568\" class=\"js-el la-divider la-unit-responsive\" data-la_component=\"UnitResponsive\"  data-el_target='#la_divider69e811ef15568'  data-el_media_sizes='{&quot;padding-top&quot;:&quot;lg:50px;sm:80px;&quot;}' ><\/div>\n<div id=\"la_heading_69e811ef1567b\" class=\"la-headings text-center\"><h2 class=\"js-el heading-tag la-unit-responsive\" style=\"\" >Zesp\u00f3\u0142<\/h2><\/div>\n[vc_row_inner][vc_column_inner width=&#8221;4\/5&#8243; la_animation_duration=&#8221;1&#8243; la_animation_delay=&#8221;0&#8243; la_animation_iteration_count=&#8221;1&#8243; offset=&#8221;vc_hidden-sm vc_hidden-xs&#8221;]<div id=\"la_heading_69e811ef15767\" class=\"la-headings text-center\"><h2 class=\"js-el heading-tag la-unit-responsive\" style=\"\" >Lek. wet. Micha\u0142 Zdyb<\/h2><div class=\"js-el subheading-tag la-unit-responsive\" style=\"\" ><p>Absolwent Wydzia\u0142u Medycyny Weterynaryjnej na UP w Lublinie.<br \/>\nAktualnie w trakcie specjalizacji Chirurgia weterynaryjna na UP we Wroc\u0142awiu.<br \/>\nDo\u015bwiadczenie zawodowe zdobywa\u0142 w Lecznicy weterynaryjnej oraz na licznych warsztatach i konferencjach.<br \/>\nW przychodni zajmuje si\u0119 intern\u0105, chirurgi\u0105 i diagnostyk\u0105 obrazow\u0105.<\/p>\n<\/div><\/div>\n[\/vc_column_inner][vc_column_inner width=&#8221;1\/5&#8243; la_animation_duration=&#8221;1&#8243; la_animation_delay=&#8221;0&#8243; la_animation_iteration_count=&#8221;1&#8243; offset=&#8221;vc_hidden-sm vc_hidden-xs&#8221;][vc_single_image image=&#8221;3284&#8243; img_size=&#8221;full&#8221; alignment=&#8221;center&#8221; style=&#8221;vc_box_border_circle&#8221; border_color=&#8221;sky&#8221; css_animation=&#8221;fadeInRight&#8221;][\/vc_column_inner][\/vc_row_inner][vc_row_inner][vc_column_inner width=&#8221;1\/5&#8243; la_animation_duration=&#8221;1&#8243; la_animation_delay=&#8221;0&#8243; la_animation_iteration_count=&#8221;1&#8243; offset=&#8221;vc_hidden-lg vc_hidden-md&#8221;][vc_single_image image=&#8221;3284&#8243; img_size=&#8221;full&#8221; alignment=&#8221;center&#8221; style=&#8221;vc_box_border_circle&#8221; border_color=&#8221;sky&#8221; css_animation=&#8221;fadeInRight&#8221;][\/vc_column_inner][vc_column_inner width=&#8221;4\/5&#8243; la_animation_duration=&#8221;1&#8243; la_animation_delay=&#8221;0&#8243; la_animation_iteration_count=&#8221;1&#8243; offset=&#8221;vc_hidden-lg vc_hidden-md&#8221;]<div id=\"la_heading_69e811ef158a1\" class=\"la-headings text-center\"><h2 class=\"js-el heading-tag la-unit-responsive\" style=\"\" >Lek. wet. Micha\u0142 Zdyb<\/h2><div class=\"js-el subheading-tag la-unit-responsive\" style=\"\" ><p>Absolwent Wydzia\u0142u Medycyny Weterynaryjnej na UP w Lublinie.<br \/>\nAktualnie w trakcie specjalizacji Chirurgia weterynaryjna na UP we Wroc\u0142awiu.<br \/>\nDo\u015bwiadczenie zawodowe zdobywa\u0142 w Lecznicy weterynaryjnej oraz na licznych warsztatach i konferencjach.<br \/>\nW przychodni zajmuje si\u0119 intern\u0105, chirurgi\u0105 i diagnostyk\u0105 obrazow\u0105.<\/p>\n<\/div><\/div>\n[\/vc_column_inner][\/vc_row_inner][vc_row_inner][vc_column_inner width=&#8221;1\/5&#8243;][vc_single_image image=&#8221;3287&#8243; img_size=&#8221;full&#8221; alignment=&#8221;center&#8221; style=&#8221;vc_box_border_circle&#8221; border_color=&#8221;sky&#8221; css_animation=&#8221;fadeInLeft&#8221;][\/vc_column_inner][vc_column_inner width=&#8221;4\/5&#8243;]<div id=\"la_heading_69e811ef159cc\" class=\"la-headings text-center\"><h2 class=\"js-el heading-tag la-unit-responsive\" style=\"\" >Lek. wet. Hubert G\u00f3rnicki<\/h2><div class=\"js-el subheading-tag la-unit-responsive\" style=\"\" ><p>Absolwent Wydzia\u0142u Medycyny Weterynaryjnej na UP w Lublinie.<br \/>\nDo\u015bwiadczenie zawodowe zdobywa\u0142 w Lecznicach weterynaryjnych oraz na warsztatach i konferencjach w Niemczech i Polsce.<br \/>\nW przychodni zajmuje si\u0119 intern\u0105 , dermatologi\u0105 oraz diagnostyk\u0105 obrazow\u0105.<\/p>\n<\/div><\/div>\n[\/vc_column_inner][\/vc_row_inner][vc_row_inner][vc_column_inner width=&#8221;4\/5&#8243; la_animation_duration=&#8221;1&#8243; la_animation_delay=&#8221;0&#8243; la_animation_iteration_count=&#8221;1&#8243; offset=&#8221;vc_hidden-sm vc_hidden-xs&#8221;]<div id=\"la_heading_69e811ef15ae7\" class=\"la-headings text-center\"><h2 class=\"js-el heading-tag la-unit-responsive\" style=\"\" >Lek. wet. Katarzyna Paluch-Zdyb<\/h2><div class=\"js-el subheading-tag la-unit-responsive\" style=\"\" ><p>Absolwentka Wydzia\u0142u Medycyny Weterynaryjnej na UP w Lublinie.<br \/>\nW 2010 roku uko\u0144czy\u0142a studia podyplomowe Pies i jego rola w spo\u0142ecze\u0144stwie na SGGW w Warszawie.<br \/>\nW roku 2015 uko\u0144czy\u0142a studia specjalizacyjne w zakresie Chor\u00f3b ps\u00f3w i kot\u00f3w.<br \/>\nAktualnie w trakcie specjalizacji Weterynaryjna diagnostyka obrazowa.<br \/>\nDo\u015bwiadczenie zawodowe zdobywa\u0142a w Lecznicy weterynaryjnej oraz na licznych warsztatach i konferencjach.<br \/>\nW przychodni zajmuje si\u0119 intern\u0105, rozrodem i diagnostyk\u0105 obrazow\u0105.<\/p>\n<\/div><\/div>\n[\/vc_column_inner][vc_column_inner width=&#8221;1\/5&#8243; la_animation_duration=&#8221;1&#8243; la_animation_delay=&#8221;0&#8243; la_animation_iteration_count=&#8221;1&#8243; offset=&#8221;vc_hidden-sm vc_hidden-xs&#8221;][vc_single_image image=&#8221;3288&#8243; img_size=&#8221;full&#8221; alignment=&#8221;center&#8221; style=&#8221;vc_box_border_circle&#8221; border_color=&#8221;sky&#8221; css_animation=&#8221;fadeInRight&#8221;][\/vc_column_inner][\/vc_row_inner][vc_row_inner][vc_column_inner width=&#8221;1\/5&#8243; la_animation_duration=&#8221;1&#8243; la_animation_delay=&#8221;0&#8243; la_animation_iteration_count=&#8221;1&#8243; offset=&#8221;vc_hidden-lg vc_hidden-md&#8221;][vc_single_image image=&#8221;3288&#8243; img_size=&#8221;full&#8221; alignment=&#8221;center&#8221; style=&#8221;vc_box_border_circle&#8221; border_color=&#8221;sky&#8221; css_animation=&#8221;fadeInRight&#8221;][\/vc_column_inner][vc_column_inner width=&#8221;4\/5&#8243; la_animation_duration=&#8221;1&#8243; la_animation_delay=&#8221;0&#8243; la_animation_iteration_count=&#8221;1&#8243; offset=&#8221;vc_hidden-lg vc_hidden-md&#8221;]<div id=\"la_heading_69e811ef15c04\" class=\"la-headings text-center\"><h2 class=\"js-el heading-tag la-unit-responsive\" style=\"\" >Lek. wet. Katarzyna Paluch-Zdyb<\/h2><div class=\"js-el subheading-tag la-unit-responsive\" style=\"\" ><p>Absolwentka Wydzia\u0142u Medycyny Weterynaryjnej na UP w Lublinie.<br \/>\nW 2010 roku uko\u0144czy\u0142a studia podyplomowe Pies i jego rola w spo\u0142ecze\u0144stwie na SGGW w Warszawie.<br \/>\nW roku 2015 uko\u0144czy\u0142a studia specjalizacyjne w zakresie Chor\u00f3b ps\u00f3w i kot\u00f3w.<br \/>\nAktualnie w trakcie specjalizacji Weterynaryjna diagnostyka obrazowa.<br \/>\nDo\u015bwiadczenie zawodowe zdobywa\u0142a w Lecznicy weterynaryjnej oraz na licznych warsztatach i konferencjach.<br \/>\nW przychodni zajmuje si\u0119 intern\u0105, rozrodem i diagnostyk\u0105 obrazow\u0105.<\/p>\n<\/div><\/div>\n[\/vc_column_inner][\/vc_row_inner][vc_row_inner][vc_column_inner width=&#8221;1\/5&#8243;][vc_single_image image=&#8221;3289&#8243; img_size=&#8221;full&#8221; alignment=&#8221;center&#8221; style=&#8221;vc_box_border_circle&#8221; border_color=&#8221;sky&#8221; css_animation=&#8221;fadeInLeft&#8221;][\/vc_column_inner][vc_column_inner width=&#8221;4\/5&#8243;]<div id=\"la_heading_69e811ef15d47\" class=\"la-headings text-center\"><h2 class=\"js-el heading-tag la-unit-responsive\" style=\"\" >Tech. wet. Zuzanna Kaczmarczyk<\/h2><div class=\"js-el subheading-tag la-unit-responsive\" style=\"\" ><p>Tytu\u0142 technika weterynarii otrzyma\u0142a w 2015.<br \/>\nDo\u015bwiadczenie zawodowe zdobywa\u0142a w Lecznicy weterynaryjnej.<br \/>\nW przychodni zajmuje si\u0119 pomoc\u0105 lekarzowi weterynarii, opiek\u0105 nad zwierz\u0119tami w szpitalu oraz obs\u0142ug\u0105 recepcji.<\/p>\n<\/div><\/div>\n[\/vc_column_inner][\/vc_row_inner][\/vc_column][\/vc_row][vc_row full_width=&#8221;stretch_row_content_no_spaces&#8221; gap=&#8221;15&#8243; css=&#8221;.vc_custom_1657147380100{margin-top: 0px !important;padding-top: 0px !important;background: #1a75bc url(http:\/\/omnivetkielce.pl\/wp-content\/uploads\/2022\/07\/tlopies.png?id=3270) !important;background-position: center !important;background-repeat: no-repeat !important;background-size: cover !important;}&#8221; el_id=&#8221;uslugi&#8221;][vc_column]<div id=\"la_divider69e811ef15e72\" class=\"js-el la-divider la-unit-responsive\" data-la_component=\"UnitResponsive\"  data-el_target='#la_divider69e811ef15e72'  data-el_media_sizes='{&quot;padding-top&quot;:&quot;lg:50px;&quot;}' ><\/div>\n<div id=\"la_heading_69e811ef15f7c\" class=\"la-headings text-center\"><h2 class=\"js-el heading-tag la-unit-responsive\" style=\"\" >Us\u0142ugi<\/h2><\/div>\n<div id=\"la_divider69e811ef16070\" class=\"js-el la-divider la-unit-responsive\" data-la_component=\"UnitResponsive\"  data-el_target='#la_divider69e811ef16070'  data-el_media_sizes='{&quot;padding-top&quot;:&quot;lg:50px;&quot;}' ><\/div>\n[\/vc_column][vc_column width=&#8221;1\/3&#8243; la_animation_duration=&#8221;1&#8243; la_animation_delay=&#8221;0&#8243; la_animation_iteration_count=&#8221;1&#8243; css=&#8221;.vc_custom_1654724442001{margin-top: 0px !important;padding-top: 0px !important;padding-right: 60px !important;padding-left: 60px !important;}&#8221;][vc_hoverbox image=&#8221;3205&#8243; primary_title=&#8221;Profilaktyka&#8221; hover_title=&#8221;Profilaktyka&#8221; hover_background_color=&#8221;sky&#8221; el_class=&#8221;boxy&#8221;]-Szczepienia ochronne.<br \/>\n-odrobaczanie oraz zwalczanie paso\u017cyt\u00f3w zewn\u0119trznych<br \/>\n-antykoncepcja hormonalna,<br \/>\n-badania okresowe<br \/>\n-chipowanie<br \/>\n-wystawianie paszport\u00f3w<br \/>\n-dob\u00f3r odpowiednich karm bytowych, leczniczych oraz suplement\u00f3w[\/vc_hoverbox][vc_hoverbox image=&#8221;3205&#8243; primary_title=&#8221;Zabiegi ortopedyczne&#8221; hover_title=&#8221;Zabiegi ortopedyczne&#8221; hover_background_color=&#8221;sky&#8221; el_class=&#8221;boxy&#8221;]-osteosyntezy ko\u015bci d\u0142ugich<br \/>\n-leczenie schorze\u0144 stawu kolanowego (wi\u0119zad\u0142o krzy\u017cowe, rzepka)<br \/>\n-leczenie schorze\u0144 stawu biodrowego[\/vc_hoverbox][vc_hoverbox image=&#8221;3205&#8243; primary_title=&#8221;Badania dodatkowe&#8221; hover_title=&#8221;Badania dodatkowe&#8221; hover_background_color=&#8221;sky&#8221; el_class=&#8221;boxy&#8221;]-usg<br \/>\n-echo serca (po wcze\u015bniejszej rejestracji)<br \/>\n-rtg<br \/>\n-badania krwi (morfologia, biochemia, hormony)<br \/>\n-badanie moczu<br \/>\n-badania ka\u0142u<br \/>\n-szybkie testy diagnostyczne (choroby zaka\u017ane )<br \/>\n-badania zeskrobiny<br \/>\n-biopsja cienkoig\u0142owe<br \/>\n-pobieranie wymaz\u00f3w<br \/>\n-wsp\u00f3\u0142praca z laboratoriami weterynaryjnymi[\/vc_hoverbox][\/vc_column][vc_column width=&#8221;1\/3&#8243; la_animation_duration=&#8221;1&#8243; la_animation_delay=&#8221;0&#8243; la_animation_iteration_count=&#8221;1&#8243; css=&#8221;.vc_custom_1654725108486{margin-top: 0px !important;padding-top: 0px !important;padding-right: 60px !important;padding-left: 60px !important;}&#8221;][vc_hoverbox image=&#8221;3205&#8243; primary_title=&#8221;Diagnozowanie oraz leczenie chor\u00f3b&#8221; hover_title=&#8221;Diagnozowanie oraz leczenie chor\u00f3b&#8221; hover_background_color=&#8221;sky&#8221; el_class=&#8221;boxy&#8221;]-choroby zaka\u017ane<br \/>\n-choroby uk\u0142adowe (uk\u0142adu oddechowego, kr\u0105\u017cenia, moczo-p\u0142ciowego\u00a0uk\u0142adu ruchu i inne)<br \/>\n-schorzenia dermatologiczne<br \/>\n-schorzenia neurologiczne<br \/>\n&#8211; lecznictwo homeopatyczne[\/vc_hoverbox][vc_hoverbox image=&#8221;3205&#8243; primary_title=&#8221;Rozr\u00f3d&#8221; hover_title=&#8221;Rozr\u00f3d&#8221; hover_background_color=&#8221;sky&#8221; el_class=&#8221;boxy&#8221;]-okre\u015blanie terminu krycia<br \/>\n&#8211; okre\u015blanie terminu planowanego porodu<br \/>\n-inseminacje i ocena nasienia<br \/>\n-cesarskie ci\u0119cia[\/vc_hoverbox][vc_hoverbox image=&#8221;3205&#8243; primary_title=&#8221;Zabiegi piel\u0119gnacyjne&#8221; hover_title=&#8221;Zabiegi piel\u0119gnacyjne&#8221; hover_background_color=&#8221;sky&#8221; el_class=&#8221;boxy&#8221;]- obcinanie pazur\u00f3w<br \/>\n&#8211; czyszczenie uszu[\/vc_hoverbox][\/vc_column][vc_column width=&#8221;1\/3&#8243; la_animation_duration=&#8221;1&#8243; la_animation_delay=&#8221;0&#8243; la_animation_iteration_count=&#8221;1&#8243; css=&#8221;.vc_custom_1654725118646{margin-top: 0px !important;padding-top: 0px !important;padding-right: 60px !important;padding-left: 60px !important;}&#8221;][vc_hoverbox image=&#8221;3205&#8243; primary_title=&#8221;Zabiegi chirurgiczne&#8221; hover_title=&#8221;Zabiegi chirurgiczne&#8221; hover_background_color=&#8221;sky&#8221; el_class=&#8221;boxy&#8221;]-sterylizacje<br \/>\n-kastracje<br \/>\n-usuwanie zmian nowotworowych<br \/>\n-zabiegi na powiekach<br \/>\n-zabiegi w obr\u0119bie jamy brzusznej.[\/vc_hoverbox][vc_hoverbox image=&#8221;3205&#8243; primary_title=&#8221;Opieka stomatologiczna&#8221; hover_title=&#8221;Opieka stomatologiczna&#8221; hover_background_color=&#8221;sky&#8221; el_class=&#8221;boxy&#8221;]- leczenie chor\u00f3b przyz\u0119bia<br \/>\n&#8211; sanacja jamy ustnej<br \/>\n&#8211; ekstrakcje[\/vc_hoverbox][vc_hoverbox image=&#8221;3205&#8243; primary_title=&#8221;Us\u0142ugi dodatkowe&#8221; hover_title=&#8221;Us\u0142ugi dodatkowe&#8221; hover_background_color=&#8221;sky&#8221; el_class=&#8221;boxy&#8221;]- wizyty domowe<br \/>\n&#8211; utylizacja zw\u0142ok<br \/>\n&#8211; kremacja indywidualna[\/vc_hoverbox][\/vc_column][\/vc_row][vc_row el_class=&#8221;row&#8211;maxwidth-1760&#8243;][vc_column la_animation_name=&#8221;fadeIn&#8221; la_animation_duration=&#8221;1&#8243; la_animation_delay=&#8221;0.2&#8243; la_animation_iteration_count=&#8221;1&#8243; el_id=&#8221;galeria&#8221;]<div id=\"la_divider69e811ef16172\" class=\"js-el la-divider la-unit-responsive\" data-la_component=\"UnitResponsive\"  data-el_target='#la_divider69e811ef16172'  data-el_media_sizes='{&quot;padding-top&quot;:&quot;lg:80px;&quot;}' ><\/div>\n<div id=\"la_heading_69e811ef1627f\" class=\"la-headings text-center spacer-position-bottom\"><h2 class=\"js-el heading-tag la-unit-responsive\" style=\"\" >Galeria<\/h2><div class=\"la-separator \" style=\"height:1px\"><span class=\"la-line js-el la-unit-responsive\" style=\"border-style:solid;border-width:1px 0 0;border-color:\" ><\/span><\/div><\/div>\n[vc_media_grid grid_id=&#8221;vc_gid:1665767438178-a7e48eb20b7e4f42590e805135122ab4-8&#8243; include=&#8221;3304,3305,3306,3307,3308,3309,3310,3316,3317,3318&#8243;][\/vc_column][\/vc_row][vc_row full_width=&#8221;stretch_row&#8221; css=&#8221;.vc_custom_1655155777648{background: #6b56e2 url(http:\/\/omnivetkielce.pl\/wp-content\/uploads\/2022\/06\/animaux-2.jpg?id=3234) !important;background-position: center !important;background-repeat: no-repeat !important;background-size: cover !important;}&#8221; el_id=&#8221;kontakt&#8221;][vc_column la_animation_name=&#8221;fadeInUp&#8221; la_animation_duration=&#8221;1&#8243; la_animation_delay=&#8221;0.2&#8243; la_animation_iteration_count=&#8221;1&#8243; css=&#8221;.vc_custom_1655152098646{padding-top: 180px !important;padding-bottom: 150px !important;}&#8221;]<div id=\"la_divider69e811ef16370\" class=\"js-el la-divider la-unit-responsive\" data-la_component=\"UnitResponsive\"  data-el_target='#la_divider69e811ef16370'  data-el_media_sizes='{&quot;padding-top&quot;:&quot;lg:50px;&quot;}' ><\/div>\n[vc_row_inner el_class=&#8221;kontaktowe&#8221;][vc_column_inner width=&#8221;1\/3&#8243; la_animation_name=&#8221;fadeInUp&#8221; la_animation_duration=&#8221;1&#8243; la_animation_delay=&#8221;.2&#8243; la_animation_iteration_count=&#8221;1&#8243;]<div id=\"la_icon_boxes_69e811ef16c7e\" class=\"la-sc-icon-boxes wpb_content_element icon-type-normal icon-pos-left icon-style-simple ib-link-none\">\n    <div class=\"icon-boxes-inner\"><div class=\"box-icon-left\"><div class=\"box-icon-inner type-icon\"><div class=\"wrap-icon\"><div class=\"box-icon box-icon-style-simple\"><span><i class=\"la-icon location_pin\"><\/i><\/span><\/div><\/div><\/div><\/div><div class=\"box-contents\"><div class=\"box-heading\"><div class=\"h5 js-el la-unit-responsive icon-heading\" style=\"color:#ffffff\" >Przychodnia OmniVet<\/div><\/div><div class=\"js-el la-unit-responsive box-description\" style=\"color:rgba(255,255,255,0.5)\" ><p><a href=\"https:\/\/www.google.com\/maps\/place\/%C5%9Al%C4%85ska+10,+25-001+Kielce\/@50.871018,20.652045,16z\/data=!4m5!3m4!1s0x471827991486643d:0x7c7f67d509bf0eac!8m2!3d50.8710184!4d20.6520453?hl=pl\">Kielce ul. \u015al\u0105ska 10<\/a><\/p>\n<\/div><\/div><\/div>\n<\/div>\n<span data-la_component=\"InsertCustomCSS\" class=\"js-el hidden\">#la_icon_boxes_69e811ef16c7e.la-sc-icon-boxes .wrap-icon .box-icon span{line-height:34px;font-size:34px;width:34px;height:34px;color:#ffffff}#la_icon_boxes_69e811ef16c7e.icon-type-normal:hover .wrap-icon .box-icon span{color:#ffffff}<\/span>\n[\/vc_column_inner][vc_column_inner width=&#8221;1\/3&#8243; la_animation_name=&#8221;fadeInUp&#8221; la_animation_duration=&#8221;1&#8243; la_animation_delay=&#8221;.25&#8243; la_animation_iteration_count=&#8221;1&#8243;]<div id=\"la_icon_boxes_69e811ef16fb2\" class=\"la-sc-icon-boxes wpb_content_element icon-type-normal icon-pos-left icon-style-simple ib-link-none\">\n    <div class=\"icon-boxes-inner\"><div class=\"box-icon-left\"><div class=\"box-icon-inner type-icon\"><div class=\"wrap-icon\"><div class=\"box-icon box-icon-style-simple\"><span><i class=\"la-icon ui-3_phone-call\"><\/i><\/span><\/div><\/div><\/div><\/div><div class=\"box-contents\"><div class=\"box-heading\"><div class=\"h5 js-el la-unit-responsive icon-heading\" style=\"color:#ffffff\" >Telefon<\/div><\/div><div class=\"js-el la-unit-responsive box-description\" style=\"color:rgba(255,255,255,0.5)\" ><p><a href=\"tel:506-680-765\">506 680 765<\/a><\/p>\n<\/div><\/div><\/div>\n<\/div>\n<span data-la_component=\"InsertCustomCSS\" class=\"js-el hidden\">#la_icon_boxes_69e811ef16fb2.la-sc-icon-boxes .wrap-icon .box-icon span{line-height:34px;font-size:34px;width:34px;height:34px;color:#ffffff}#la_icon_boxes_69e811ef16fb2.icon-type-normal:hover .wrap-icon .box-icon span{color:#ffffff}<\/span>\n[\/vc_column_inner][vc_column_inner width=&#8221;1\/3&#8243; la_animation_name=&#8221;fadeInUp&#8221; la_animation_duration=&#8221;1&#8243; la_animation_delay=&#8221;0.3&#8243; la_animation_iteration_count=&#8221;1&#8243;]<div id=\"la_icon_boxes_69e811ef17156\" class=\"la-sc-icon-boxes wpb_content_element icon-type-normal icon-pos-left icon-style-simple ib-link-none\">\n    <div class=\"icon-boxes-inner\"><div class=\"box-icon-left\"><div class=\"box-icon-inner type-icon\"><div class=\"wrap-icon\"><div class=\"box-icon box-icon-style-simple\"><span><i class=\"la-icon ui-1_email-83\"><\/i><\/span><\/div><\/div><\/div><\/div><div class=\"box-contents\"><div class=\"box-heading\"><div class=\"h5 js-el la-unit-responsive icon-heading\" style=\"color:#ffffff\" >Email<\/div><\/div><div class=\"js-el la-unit-responsive box-description\" style=\"color:rgba(255,255,255,0.5)\" ><p><a href=\"mailto: omnivetkielce@gmail.com\">omnivetkielce@gmail.com<\/a><\/p>\n<\/div><\/div><\/div>\n<\/div>\n<span data-la_component=\"InsertCustomCSS\" class=\"js-el hidden\">#la_icon_boxes_69e811ef17156.la-sc-icon-boxes .wrap-icon .box-icon span{line-height:34px;font-size:34px;width:34px;height:34px;color:#ffffff}#la_icon_boxes_69e811ef17156.icon-type-normal:hover .wrap-icon .box-icon span{color:#ffffff}<\/span>\n[\/vc_column_inner][\/vc_row_inner]<div id=\"la_divider69e811ef172bd\" class=\"js-el la-divider la-unit-responsive\" data-la_component=\"UnitResponsive\"  data-el_target='#la_divider69e811ef172bd'  data-el_media_sizes='{&quot;padding-top&quot;:&quot;lg:30px;&quot;}' ><\/div>\n<div id=\"la_divider69e811ef173bb\" class=\"js-el la-divider la-unit-responsive\" data-la_component=\"UnitResponsive\"  data-el_target='#la_divider69e811ef173bb'  data-el_media_sizes='{&quot;padding-top&quot;:&quot;lg:50px;&quot;}' ><\/div>\n[\/vc_column][\/vc_row]<\/p>\n","protected":false},"excerpt":{"rendered":"<p>[vc_row][vc_column][rev_slider_vc alias=&#8221;home-01&#8243;][vc_custom_heading text=&#8221;CAMILLE &#8211; Multi-Concept WordPress Theme&#8221; font_container=&#8221;tag:h1|text_align:left&#8221; use_theme_fonts=&#8221;yes&#8221; link=&#8221;url:https%3A%2F%2Fthemeforest.net%2Fitem%2Fcamille-multiconcept-wordpress-theme%2F21847145%3Fref%3Dla-studio|||&#8221; el_class=&#8221;hidden&#8221;][\/vc_column][\/vc_row][vc_row full_width=&#8221;stretch_row_content_no_spaces&#8221; css=&#8221;.vc_custom_1655152918192{margin-bottom: 0px !important;padding-bottom: 0px !important;background-color: #1a75bc !important;}&#8221; el_id=&#8221;onas&#8221;][vc_column parallax=&#8221;content-moving-fade&#8221; parallax_image=&#8221;3200&#8243; width=&#8221;1\/2&#8243; la_animation_duration=&#8221;1&#8243; la_animation_delay=&#8221;0&#8243;&hellip;<\/p>\n","protected":false},"author":1,"featured_media":0,"parent":0,"menu_order":0,"comment_status":"closed","ping_status":"closed","template":"","meta":[],"_links":{"self":[{"href":"http:\/\/omnivetkielce.pl\/index.php?rest_route=\/wp\/v2\/pages\/6"}],"collection":[{"href":"http:\/\/omnivetkielce.pl\/index.php?rest_route=\/wp\/v2\/pages"}],"about":[{"href":"http:\/\/omnivetkielce.pl\/index.php?rest_route=\/wp\/v2\/types\/page"}],"author":[{"embeddable":true,"href":"http:\/\/omnivetkielce.pl\/index.php?rest_route=\/wp\/v2\/users\/1"}],"replies":[{"embeddable":true,"href":"http:\/\/omnivetkielce.pl\/index.php?rest_route=%2Fwp%2Fv2%2Fcomments&post=6"}],"version-history":[{"count":30,"href":"http:\/\/omnivetkielce.pl\/index.php?rest_route=\/wp\/v2\/pages\/6\/revisions"}],"predecessor-version":[{"id":3325,"href":"http:\/\/omnivetkielce.pl\/index.php?rest_route=\/wp\/v2\/pages\/6\/revisions\/3325"}],"wp:attachment":[{"href":"http:\/\/omnivetkielce.pl\/index.php?rest_route=%2Fwp%2Fv2%2Fmedia&parent=6"}],"curies":[{"name":"wp","href":"https:\/\/api.w.org\/{rel}","templated":true}]}}